{"id":186,"date":"2026-02-04T15:25:26","date_gmt":"2026-02-04T14:25:26","guid":{"rendered":"https:\/\/stallingrasmussen.com\/reservieren\/"},"modified":"2026-02-06T10:12:15","modified_gmt":"2026-02-06T09:12:15","slug":"reservieren","status":"publish","type":"page","link":"https:\/\/stallingrasmussen.com\/de\/reservieren\/","title":{"rendered":"Reservieren"},"content":{"rendered":"<h1>Reservieren Sie einen Tisch im Stalling Rasmussen<\/h1>\n<div>\n<p>Einen Stellplatz bei Rasmussen Caravan Storage zu buchen ist einfach und individuell. Wir arbeiten mit einem festen Ablauf und Jahresvertr\u00e4gen, sodass Sie genau wissen, was Sie erwartet.<\/p>\n<p>Unsere Wohnwagenlager befinden sich in der Region Breda und Roosendaal. Nach Ihrer Anfrage kontaktieren wir Sie pers\u00f6nlich, um alles zu besprechen und die Details zu kl\u00e4ren. Keine unn\u00f6tigen E-Mails oder Missverst\u00e4ndnisse \u2013 nur klare Vereinbarungen und etablierte Abl\u00e4ufe.<\/p>\n<\/div>\n<p><p>\n        <a href=\"https:\/\/account.stallingrasmussen.com\/book\/407\">Hier klicken f\u00fcr eine Reservierung<\/a>\n    <\/p>\n<\/p>\n<div>\n<p>Unverbindliche Anfrage \u2022 Jahresvertr\u00e4ge \u2022 Pers\u00f6nlicher Kontakt<\/p>\n<\/div>\n<h2>Buchen Sie in vier einfachen Schritten<\/h2>\n<ul>\n<li>\n<div>Sie stellen eine Reservierungsanfrage \u00fcber das Formular.<\/div>\n<\/li>\n<li>\n<div>Wir pr\u00fcfen die Verf\u00fcgbarkeit und Ihre Angaben.<\/div>\n<\/li>\n<li>\n<div>Sie erhalten von uns eine Best\u00e4tigung mit den Bedingungen.<\/div>\n<\/li>\n<li>\n<div>Nach der Genehmigung wird Ihr Platz best\u00e4tigt.<\/div>\n<\/li>\n<\/ul>\n<div>\n<p>Wir werden uns innerhalb von zwei Werktagen, Montag bis Freitag, mit Ihnen in Verbindung setzen.<\/p>\n<\/div>\n<p><img decoding=\"async\" src=\"\/wp-content\/uploads\/photo-1499914485622-a88fac536970.jpg\" alt=\"\"><\/p>\n<h2>Alles \u00fcbersichtlich in einem Portal angeordnet<\/h2>\n<div>\n<p>Wir nutzen die Software Stalling1 f\u00fcr Reservierungen, Verwaltung und Rechnungsstellung. Nach Ihrer Anfrage erhalten Sie Zugang zu Ihrem pers\u00f6nlichen Online-Kundenportal.<\/p>\n<p>Hier haben Sie jederzeit Einblick in Ihre Lagerbuchungen, und alle Termine werden \u00fcbersichtlich erfasst.<\/p>\n<p><strong>\u00dcber das Kundenportal k\u00f6nnen Sie \u2026<\/strong><\/p>\n<ul>\n<li>Ihre Reservierung verwalten<\/li>\n<li>Ihre Fahrzeugdetails einsehen<\/li>\n<li>Abhol- und R\u00fcckgabeanfragen stellen<\/li>\n<li>Rechnungen einsehen und herunterladen<\/li>\n<li>Ihre Vertragsdetails einsehen<\/li>\n<\/ul>\n<p>Alles zentralisiert, \u00fcbersichtlich und organisiert.<\/p>\n<\/div>\n<p><img decoding=\"async\" src=\"\/wp-content\/uploads\/2026\/02\/stalling-rasmussen-inloggen-mobiel.png\" alt=\"stalling rasmussen inloggen mobiel\"><\/p>\n<h2>Abholung und R\u00fcckgabe nach Vereinbarung<\/h2>\n<div>\n<p>Um Ruhe und Sicherheit im Stall zu gew\u00e4hrleisten, arbeiten wir ausschlie\u00dflich mit Terminvergabe.<\/p>\n<p><strong>Termine<\/strong><\/p>\n<ul>\n<li>Abholung und Bringen sind ohne Einschr\u00e4nkungen m\u00f6glich, jedoch immer mit Reservierung.<\/li>\n<li>Reservierungen m\u00fcssen mindestens 48 Stunden im Voraus erfolgen.<\/li>\n<li>Ohne Reservierung bleibt der Stall geschlossen.<\/li>\n<li>Reservierungen erfolgen \u00fcber das Kundenportal.<\/li>\n<\/ul>\n<p><strong>Samstag:<\/strong> <br \/>Wir arbeiten mit einem zweist\u00fcndigen Zeitfenster, das im Voraus mitgeteilt wird. Ohne Reservierung bleibt der Stall geschlossen. Dieses Verfahren gew\u00e4hrleistet Transparenz, Sicherheit und einen \u00fcbersichtlichen Zeitplan.<\/p>\n<\/div>\n<h3>Unterschiedliche Arbeitsweise f\u00fcr private Boxen<\/h3>\n<div>\n<p>Wenn Sie einen privaten Lagerraum haben, gelten andere Regeln. Sie haben zwischen 8:00 und 19:00 Uhr unabh\u00e4ngigen Zugang zu Ihrem Fahrzeug. Eine vorherige Reservierung ist nicht erforderlich.<\/p>\n<p><strong>F\u00fcr weitere Aktivit\u00e4ten, wie z. B.:<\/strong><\/p>\n<ul>\n<li>Nutzung der Waschanlage<\/li>\n<li>Reparaturen an Ihrem Fahrzeug<\/li>\n<\/ul>\n<p>So wissen wir immer, wer anwesend ist und was gerade gemacht wird.<\/p>\n<p>Interesse?<\/p>\n<\/div>\n<p><p>\n        <a href=\"https:\/\/stallingrasmussen.com\/de\/kontakt\/\">Erfahren Sie mehr \u00fcber private Boxen<\/a>\n    <\/p>\n<\/p>\n<p><img decoding=\"async\" src=\"\/wp-content\/uploads\/photo-1513311068348-19c8fbdc0bb6.jpg\" alt=\"\"><\/p>\n<h2>Klare vertragliche Vereinbarungen<\/h2>\n<div>\n<ul>\n<li>Rasmussen Parking arbeitet ausschlie\u00dflich mit Jahresvertr\u00e4gen.<\/li>\n<li>Die K\u00fcndigungsfrist betr\u00e4gt zwei Monate.<\/li>\n<li>Vertragsdetails und Rechnungen sind jederzeit \u00fcber das Kundenportal abrufbar.<\/li>\n<\/ul>\n<p>Kein Kleingedrucktes, alles wird transparent dokumentiert.<\/p>\n<\/div>\n<h2>Sie haben noch keine Bewerbung eingereicht?<\/h2>\n<div>\n<p>Sie sind sich nicht sicher, ob Ihr Fahrzeug geeignet ist, oder m\u00f6chten dies vorher besprechen? F\u00fcllen Sie das Formular aus, und wir sehen uns das mit Ihnen an.<\/p>\n<\/div>\n<p><p>\n        <a href=\"https:\/\/account.stallingrasmussen.com\/\">Platz anfordern<\/a>\n    <\/p>\n<\/p>\n<p><!--more--><br \/>\n<!-- {\"type\":\"layout\",\"children\":[{\"type\":\"section\",\"props\":{\"image_position\":\"center-center\",\"style\":\"primary\",\"title_breakpoint\":\"xl\",\"title_position\":\"top-left\",\"title_rotation\":\"left\",\"vertical_align\":\"middle\",\"width\":\"default\"},\"children\":[{\"type\":\"row\",\"children\":[{\"type\":\"column\",\"props\":{\"image_position\":\"center-center\",\"position_sticky_breakpoint\":\"m\"},\"children\":[{\"type\":\"headline\",\"props\":{\"content\":\"Reservieren Sie einen Tisch im Stalling Rasmussen\",\"image_align\":\"left\",\"image_margin\":\"xsmall\",\"title_element\":\"h1\"}},{\"type\":\"text\",\"props\":{\"column_breakpoint\":\"m\",\"content\":\"\n\n<p>Einen Stellplatz bei Rasmussen Caravan Storage zu buchen ist einfach und individuell. Wir arbeiten mit einem festen Ablauf und Jahresvertr\u00e4gen, sodass Sie genau wissen, was Sie erwartet.<\/p>\n\n\\n\n\n<p>Unsere Wohnwagenlager befinden sich in der Region Breda und Roosendaal. Nach Ihrer Anfrage kontaktieren wir Sie pers\u00f6nlich, um alles zu besprechen und die Details zu kl\u00e4ren. Keine unn\u00f6tigen E-Mails oder Missverst\u00e4ndnisse \u2013 nur klare Vereinbarungen und etablierte Abl\u00e4ufe.<\/p>\n\n\",\"margin_bottom\":\"default\",\"margin_top\":\"default\"}},{\"type\":\"button\",\"props\":{\"grid_column_gap\":\"small\",\"grid_row_gap\":\"small\",\"margin_bottom\":\"remove\",\"margin_top\":\"medium\"},\"children\":[{\"type\":\"button_item\",\"props\":{\"button_style\":\"primary\",\"content\":\"Hier klicken f\u00fcr eine Reservierung\",\"dialog_layout\":\"modal\",\"dialog_offcanvas_flip\":true,\"icon\":\"calendar\",\"icon_align\":\"left\",\"image_focal_point\":\"top-center\",\"image_height\":\"1000\",\"image_width\":\"600\",\"lightbox\":true,\"link\":\"https:\/\/account.stallingrasmussen.com\/book\/407\",\"link_target\":true}}]},{\"type\":\"text\",\"props\":{\"column_breakpoint\":\"m\",\"content\":\"\n\n<p>Unverbindliche Anfrage \u2022 Jahresvertr\u00e4ge \u2022 Pers\u00f6nlicher Kontakt<\/p>\n\n\",\"margin_bottom\":\"default\",\"margin_top\":\"default\",\"text_style\":\"small\"}}]}]}],\"name\":\"Intro\"},{\"type\":\"section\",\"props\":{\"image_position\":\"center-center\",\"style\":\"default\",\"title_breakpoint\":\"xl\",\"title_position\":\"top-left\",\"title_rotation\":\"left\",\"vertical_align\":\"middle\",\"width\":\"default\"},\"children\":[{\"type\":\"row\",\"props\":{\"layout\":\"1-2,1-2\"},\"children\":[{\"type\":\"column\",\"props\":{\"image_position\":\"center-center\",\"position_sticky_breakpoint\":\"m\",\"width_medium\":\"1-2\"},\"children\":[{\"type\":\"headline\",\"props\":{\"content\":\"Buchen Sie in vier einfachen Schritten\",\"image_align\":\"left\",\"image_margin\":\"xsmall\",\"title_element\":\"h2\",\"title_style\":\"h3\"}},{\"type\":\"list\",\"props\":{\"column_breakpoint\":\"m\",\"image_align\":\"left\",\"image_svg_color\":\"emphasis\",\"image_vertical_align\":true,\"list_element\":\"ol\",\"list_horizontal_separator\":\", \",\"list_marker\":\"decimal\",\"list_type\":\"vertical\",\"show_image\":true,\"show_link\":true},\"children\":[{\"type\":\"list_item\",\"props\":{\"content\":\"Sie stellen eine Reservierungsanfrage \u00fcber das Formular.\"}},{\"type\":\"list_item\",\"props\":{\"content\":\"Wir pr\u00fcfen die Verf\u00fcgbarkeit und Ihre Angaben.\"}},{\"type\":\"list_item\",\"props\":{\"content\":\"Sie erhalten von uns eine Best\u00e4tigung mit den Bedingungen.\"}},{\"type\":\"list_item\",\"props\":{\"content\":\"Nach der Genehmigung wird Ihr Platz best\u00e4tigt.\"}}]},{\"type\":\"text\",\"props\":{\"column_breakpoint\":\"m\",\"content\":\"\n\n<p>Wir werden uns innerhalb von zwei Werktagen, Montag bis Freitag, mit Ihnen in Verbindung setzen.<\/p>\n\n\",\"margin_bottom\":\"default\",\"margin_top\":\"default\"}}]},{\"type\":\"column\",\"props\":{\"image_position\":\"center-center\",\"position_sticky_breakpoint\":\"m\",\"width_medium\":\"1-2\"},\"children\":[{\"type\":\"image\",\"props\":{\"height_expand\":true,\"image\":\"wp-content\/uploads\/photo-1499914485622-a88fac536970.jpg\",\"image_svg_color\":\"emphasis\",\"margin_bottom\":\"default\",\"margin_top\":\"default\"}}]}]}],\"name\":\"Hoe reserveren werkt\"},{\"type\":\"section\",\"props\":{\"image_position\":\"center-center\",\"style\":\"muted\",\"title_breakpoint\":\"xl\",\"title_position\":\"top-left\",\"title_rotation\":\"left\",\"vertical_align\":\"middle\",\"width\":\"default\"},\"children\":[{\"type\":\"row\",\"props\":{\"layout\":\"2-3,1-3\"},\"children\":[{\"type\":\"column\",\"props\":{\"image_position\":\"center-center\",\"position_sticky_breakpoint\":\"m\",\"vertical_align\":\"middle\",\"width_medium\":\"2-3\"},\"children\":[{\"type\":\"headline\",\"props\":{\"content\":\"Alles \u00fcbersichtlich in einem Portal angeordnet\",\"image_align\":\"left\",\"image_margin\":\"xsmall\",\"title_color\":\"primary\",\"title_element\":\"h2\"}},{\"type\":\"text\",\"props\":{\"column_breakpoint\":\"m\",\"content\":\"\n\n<p>Wir nutzen die Software Stalling1 f\u00fcr Reservierungen, Verwaltung und Rechnungsstellung. Nach Ihrer Anfrage erhalten Sie Zugang zu Ihrem pers\u00f6nlichen Online-Kundenportal.<\/p>\n\n\\n\n\n<p>Hier haben Sie jederzeit Einblick in Ihre Lagerbuchungen, und alle Termine werden \u00fcbersichtlich erfasst.<\/p>\n\n\\n\n\n<p><strong>\u00dcber das Kundenportal k\u00f6nnen Sie \u2026<\/strong><\/p>\n\n\\n\n\n<ul>\\n\n\n<li>Ihre Reservierung verwalten<\/li>\n\n\\n\n\n<li>Ihre Fahrzeugdetails einsehen<\/li>\n\n\\n\n\n<li>Abhol- und R\u00fcckgabeanfragen stellen<\/li>\n\n\\n\n\n<li>Rechnungen einsehen und herunterladen<\/li>\n\n\\n\n\n<li>Ihre Vertragsdetails einsehen<\/li>\n\n\\n<\/ul>\n\n\\n\n\n<p>Alles zentralisiert, \u00fcbersichtlich und organisiert.<\/p>\n\n\",\"margin_bottom\":\"default\",\"margin_top\":\"default\"}}]},{\"type\":\"column\",\"props\":{\"image_position\":\"center-center\",\"position_sticky_breakpoint\":\"m\",\"width_medium\":\"1-3\"},\"children\":[{\"type\":\"image\",\"props\":{\"image\":\"wp-content\/uploads\/2026\/02\/stalling-rasmussen-inloggen-mobiel.png\",\"image_alt\":\"stalling rasmussen inloggen mobiel\",\"image_height\":450,\"image_svg_color\":\"emphasis\",\"margin_bottom\":\"default\",\"margin_top\":\"default\",\"text_align\":\"center\"}}]}]}],\"name\":\"Het persoonlijke klantportaal\"},{\"type\":\"section\",\"props\":{\"image_position\":\"center-center\",\"style\":\"secondary\",\"title_breakpoint\":\"xl\",\"title_position\":\"top-left\",\"title_rotation\":\"left\",\"vertical_align\":\"middle\",\"width\":\"default\"},\"children\":[{\"type\":\"row\",\"props\":{\"layout\":\"1-2,1-2\"},\"children\":[{\"type\":\"column\",\"props\":{\"image_position\":\"center-center\",\"position_sticky_breakpoint\":\"m\",\"width_medium\":\"1-2\"},\"children\":[{\"type\":\"headline\",\"props\":{\"content\":\"Abholung und R\u00fcckgabe nach Vereinbarung\",\"image_align\":\"left\",\"image_margin\":\"xsmall\",\"title_element\":\"h2\"}},{\"type\":\"text\",\"props\":{\"column_breakpoint\":\"m\",\"content\":\"\n\n<p>Um Ruhe und Sicherheit im Stall zu gew\u00e4hrleisten, arbeiten wir ausschlie\u00dflich mit Terminvergabe.<\/p>\n\n\\n\n\n<p><strong>Termine<\/strong><\/p>\n\n\\n\n\n<ul>\\n\n\n<li>Abholung und Bringen sind ohne Einschr\u00e4nkungen m\u00f6glich, jedoch immer mit Reservierung.<\/li>\n\n\\n\n\n<li>Reservierungen m\u00fcssen mindestens 48 Stunden im Voraus erfolgen.<\/li>\n\n\\n\n\n<li>Ohne Reservierung bleibt der Stall geschlossen.<\/li>\n\n\\n\n\n<li>Reservierungen erfolgen \u00fcber das Kundenportal.<\/li>\n\n\\n<\/ul>\n\n\\n\n\n<p><strong>Samstag:<\/strong> <br \/>Wir arbeiten mit einem zweist\u00fcndigen Zeitfenster, das im Voraus mitgeteilt wird. Ohne Reservierung bleibt der Stall geschlossen. Dieses Verfahren gew\u00e4hrleistet Transparenz, Sicherheit und einen \u00fcbersichtlichen Zeitplan.<\/p>\n\n\",\"margin_bottom\":\"default\",\"margin_top\":\"default\"}}]},{\"type\":\"column\",\"props\":{\"image_position\":\"center-center\",\"position_sticky_breakpoint\":\"m\",\"width_medium\":\"1-2\"},\"children\":[{\"type\":\"headline\",\"props\":{\"content\":\"Unterschiedliche Arbeitsweise f\u00fcr private Boxen\",\"image_align\":\"left\",\"image_margin\":\"xsmall\",\"title_element\":\"h3\",\"title_style\":\"h2\"}},{\"type\":\"text\",\"props\":{\"column_breakpoint\":\"m\",\"content\":\"\n\n<p>Wenn Sie einen privaten Lagerraum haben, gelten andere Regeln. Sie haben zwischen 8:00 und 19:00 Uhr unabh\u00e4ngigen Zugang zu Ihrem Fahrzeug. Eine vorherige Reservierung ist nicht erforderlich.<\/p>\n\n\\n\n\n<p><strong>F\u00fcr weitere Aktivit\u00e4ten, wie z. B.:<\/strong><\/p>\n\n\\n\n\n<ul>\\n\n\n<li>Nutzung der Waschanlage<\/li>\n\n\\n\n\n<li>Reparaturen an Ihrem Fahrzeug<\/li>\n\n\\n<\/ul>\n\n\\n\n\n<p>So wissen wir immer, wer anwesend ist und was gerade gemacht wird.<\/p>\n\n\\n\n\n<p>Interesse?<\/p>\n\n\",\"margin_bottom\":\"default\",\"margin_top\":\"default\"}},{\"type\":\"button\",\"props\":{\"grid_column_gap\":\"small\",\"grid_row_gap\":\"small\",\"margin_bottom\":\"default\",\"margin_top\":\"default\"},\"children\":[{\"type\":\"button_item\",\"props\":{\"button_style\":\"default\",\"content\":\"Erfahren Sie mehr \u00fcber private Boxen\",\"dialog_layout\":\"modal\",\"dialog_offcanvas_flip\":true,\"icon_align\":\"left\",\"link\":\"de\/kontakt\/\"}}]}]}]}],\"name\":\"Reserveren, halen en brengen\"},{\"type\":\"section\",\"props\":{\"image_position\":\"center-center\",\"style\":\"default\",\"title_breakpoint\":\"xl\",\"title_position\":\"top-left\",\"title_rotation\":\"left\",\"vertical_align\":\"middle\",\"width\":\"default\"},\"children\":[{\"type\":\"row\",\"props\":{\"layout\":\"1-2,1-2\"},\"children\":[{\"type\":\"column\",\"props\":{\"image_position\":\"center-center\",\"position_sticky_breakpoint\":\"m\",\"width_medium\":\"1-2\"},\"children\":[{\"type\":\"image\",\"props\":{\"height_expand\":true,\"image\":\"wp-content\/uploads\/photo-1513311068348-19c8fbdc0bb6.jpg\",\"image_svg_color\":\"emphasis\",\"margin_bottom\":\"default\",\"margin_top\":\"default\"}}]},{\"type\":\"column\",\"props\":{\"image_position\":\"center-center\",\"position_sticky_breakpoint\":\"m\",\"width_medium\":\"1-2\"},\"children\":[{\"type\":\"headline\",\"props\":{\"content\":\"Klare vertragliche Vereinbarungen\",\"image_align\":\"left\",\"image_margin\":\"xsmall\",\"title_color\":\"primary\",\"title_element\":\"h2\"}},{\"type\":\"text\",\"props\":{\"column_breakpoint\":\"m\",\"content\":\"\n\n<ul>\\n\n\n<li>Rasmussen Parking arbeitet ausschlie\u00dflich mit Jahresvertr\u00e4gen.<\/li>\n\n\\n\n\n<li>Die K\u00fcndigungsfrist betr\u00e4gt zwei Monate.<\/li>\n\n\\n\n\n<li>Vertragsdetails und Rechnungen sind jederzeit \u00fcber das Kundenportal abrufbar.<\/li>\n\n\\n<\/ul>\n\n\\n\n\n<p>Kein Kleingedrucktes, alles wird transparent dokumentiert.<\/p>\n\n\",\"margin_bottom\":\"default\",\"margin_top\":\"default\"}},{\"type\":\"headline\",\"props\":{\"content\":\"Sie haben noch keine Bewerbung eingereicht?\",\"image_align\":\"left\",\"image_margin\":\"xsmall\",\"title_element\":\"h2\"}},{\"type\":\"text\",\"props\":{\"column_breakpoint\":\"m\",\"content\":\"\n\n<p>Sie sind sich nicht sicher, ob Ihr Fahrzeug geeignet ist, oder m\u00f6chten dies vorher besprechen? F\u00fcllen Sie das Formular aus, und wir sehen uns das mit Ihnen an.<\/p>\n\n\",\"margin_bottom\":\"default\",\"margin_top\":\"default\"}},{\"type\":\"button\",\"props\":{\"grid_column_gap\":\"small\",\"grid_row_gap\":\"small\",\"margin_bottom\":\"remove\",\"margin_top\":\"medium\"},\"children\":[{\"type\":\"button_item\",\"props\":{\"button_style\":\"primary\",\"content\":\"Platz anfordern\",\"dialog_layout\":\"modal\",\"dialog_offcanvas_flip\":true,\"icon\":\"calendar\",\"icon_align\":\"left\",\"link\":\"https:\/\/account.stallingrasmussen.com\/\",\"link_target\":true}}]}]}]}],\"name\":\"Contract en looptijd\"}],\"version\":\"5.0.10\"} --><\/p>\n","protected":false},"excerpt":{"rendered":"<p>Reservieren Sie einen Tisch im Stalling Rasmussen Einen Stellplatz bei Rasmussen Caravan Storage zu buchen ist einfach und individuell. Wir arbeiten mit einem festen Ablauf und Jahresvertr\u00e4gen, sodass Sie genau wissen, was Sie erwartet. Unsere Wohnwagenlager befinden sich in der Region Breda und Roosendaal. Nach Ihrer Anfrage kontaktieren wir Sie pers\u00f6nlich, um alles zu besprechen [&hellip;]<\/p>\n","protected":false},"author":1,"featured_media":0,"parent":0,"menu_order":0,"comment_status":"closed","ping_status":"closed","template":"","meta":{"_acf_changed":false,"_seopress_robots_primary_cat":"","_seopress_titles_title":"","_seopress_titles_desc":"","_seopress_robots_index":"","footnotes":""},"class_list":["post-186","page","type-page","status-publish","hentry"],"acf":[],"_links":{"self":[{"href":"https:\/\/stallingrasmussen.com\/de\/wp-json\/wp\/v2\/pages\/186","targetHints":{"allow":["GET"]}}],"collection":[{"href":"https:\/\/stallingrasmussen.com\/de\/wp-json\/wp\/v2\/pages"}],"about":[{"href":"https:\/\/stallingrasmussen.com\/de\/wp-json\/wp\/v2\/types\/page"}],"author":[{"embeddable":true,"href":"https:\/\/stallingrasmussen.com\/de\/wp-json\/wp\/v2\/users\/1"}],"replies":[{"embeddable":true,"href":"https:\/\/stallingrasmussen.com\/de\/wp-json\/wp\/v2\/comments?post=186"}],"version-history":[{"count":6,"href":"https:\/\/stallingrasmussen.com\/de\/wp-json\/wp\/v2\/pages\/186\/revisions"}],"predecessor-version":[{"id":208,"href":"https:\/\/stallingrasmussen.com\/de\/wp-json\/wp\/v2\/pages\/186\/revisions\/208"}],"wp:attachment":[{"href":"https:\/\/stallingrasmussen.com\/de\/wp-json\/wp\/v2\/media?parent=186"}],"curies":[{"name":"wp","href":"https:\/\/api.w.org\/{rel}","templated":true}]}}