{"id":168,"date":"2026-02-05T15:19:59","date_gmt":"2026-02-05T14:19:59","guid":{"rendered":"https:\/\/stallingrasmussen.com\/privacyverklaring\/"},"modified":"2026-04-21T09:47:58","modified_gmt":"2026-04-21T07:47:58","slug":"datenschutzerklarung","status":"publish","type":"page","link":"https:\/\/stallingrasmussen.com\/de\/datenschutzerklarung\/","title":{"rendered":"Datenschutzerkl\u00e4rung"},"content":{"rendered":"<div>\n<p>Identit\u00e4t<br \/>Diese Datenschutzerkl\u00e4rung wird von Stalling Rasmussen verwendet, eingetragen bei der Handelskammer unter der Nummer <span>99473399<\/span> auf der Website stallingrasmussen.com<\/p>\n<p>Unsere Adresse:<\/p>\n<p><span>Zuidlangeweg 4B<\/span><br \/><span>4796 SB Oudemolen<\/span><\/p>\n<p>Unsere Telefonnummer:<br \/><span>06 30123953<\/span><\/p>\n<p>Unsere E-Mail-Adresse:<br \/><span>info@stallingrasmussen.com<\/span><\/p>\n<p>Allgemeines<br \/>Der sorgsame Umgang mit personenbezogenen Daten ist uns sehr wichtig. Daher verarbeiten und sch\u00fctzen wir personenbezogene Daten mit gr\u00f6\u00dfter Sorgfalt. Bei der Verarbeitung halten wir uns an die Vorgaben der Datenschutz-Grundverordnung (DSGVO). In dieser Erkl\u00e4rung erl\u00e4utern wir, welche personenbezogenen Daten wir erheben und verwenden und zu welchem \u200b\u200bZweck. Wir empfehlen Ihnen, diese Erkl\u00e4rung sorgf\u00e4ltig zu lesen.<\/p>\n<p>Sicherheit<br \/>Wir sind bestrebt, die Website vor Missbrauch und unberechtigtem Zugriff auf personenbezogene Daten zu sch\u00fctzen. Dies erreichen wir beispielsweise durch SSL-gesicherte Verbindungen. Es liegt in Ihrer Verantwortung, die Ger\u00e4te, die Sie zum Besuch und zur Nutzung unserer Website verwenden, zu sch\u00fctzen, beispielsweise durch einen Virenscanner. Personenbezogene Daten<br \/>Durch die Nutzung unserer Website \u00fcbermitteln Sie uns bestimmte Informationen. Dies k\u00f6nnen personenbezogene Daten sein: Daten, die direkt oder indirekt auf Sie zur\u00fcckgef\u00fchrt werden k\u00f6nnen. Wir speichern und verwenden ausschlie\u00dflich die personenbezogenen Daten, die Sie uns direkt oder ausdr\u00fccklich zur Verarbeitung \u00fcbermitteln.<\/p>\n<p>Wir verwenden die erhobenen personenbezogenen Daten ausschlie\u00dflich f\u00fcr die Zwecke, f\u00fcr die wir sie von Ihnen erhalten haben.<\/p>\n<p>Newsletter<br \/>Wenn Sie unseren Newsletter abonnieren und wir daher Daten von Ihnen anfordern, verwenden wir diese ausschlie\u00dflich, um Ihnen unseren Newsletter per E-Mail zuzusenden. Sie k\u00f6nnen den Newsletter jederzeit \u00fcber den Abmeldelink im Newsletter abbestellen. Sobald Sie sich abmelden, l\u00f6schen wir Ihre personenbezogenen Daten, die mit dem Newsletter in Verbindung stehen oder standen. Rechtsgrundlage f\u00fcr die Verarbeitung Ihrer personenbezogenen Daten ist die Erf\u00fcllung Ihrer Newsletter-Anfrage.<\/p>\n<p>Wir verarbeiten Ihre Daten auch zu statistischen Zwecken. Dies erm\u00f6glicht uns, allgemeine Erkenntnisse, wie z. B. demografische Daten, zu gewinnen.<br \/>Wir erheben Ihre personenbezogenen Daten auch, um ein Profil von Ihnen zu erstellen. Dies geschieht beispielsweise auf Grundlage der von Ihnen im Newsletter angeklickten Links, des von Ihnen bevorzugten Ger\u00e4ts zum Lesen des Newsletters oder des Zeitpunkts des Lesens.<\/p>\n<p>Die Erstellung eines Profils erfolgt in diesem Fall aufgrund unseres berechtigten Interesses, Ihnen bessere Inhalte bereitzustellen.<\/p>\n<p>Wir verarbeiten nicht mehr Daten als f\u00fcr diesen Zweck erforderlich, und Ihre Interessen, Grundrechte und Freiheiten werden dadurch nicht beeintr\u00e4chtigt. Wenn Sie den Newsletter abbestellen, wird auch Ihr Profil gel\u00f6scht.<\/p>\n<p>Kontaktformular<br \/>Bei Fragen oder wenn Sie uns kontaktieren m\u00f6chten, k\u00f6nnen Sie das Kontaktformular auf unserer Website nutzen. Wir verwenden die von Ihnen \u00fcber das Kontaktformular angegebenen Daten ausschlie\u00dflich zur Beantwortung Ihrer Frage oder Ihres Kommentars. Nach der Beantwortung Ihrer Anfrage l\u00f6schen wir Ihre personenbezogenen Daten.<\/p>\n<p>Die Rechtsgrundlage f\u00fcr die Verarbeitung Ihrer personenbezogenen Daten ist die Erf\u00fcllung Ihrer Informationsanfrage oder die Beantwortung Ihres Kommentars. Bewerbung<br \/>Wenn Sie uns im Rahmen einer Bewerbung Informationen \u00fcber unsere Website \u00fcbermitteln, verwenden wir diese Informationen ausschlie\u00dflich im Zusammenhang mit dem Bewerbungsprozess f\u00fcr die von Ihnen ausgeschriebene Stelle. Wird die Stelle besetzt oder zur\u00fcckgezogen, vernichten wir die von Ihnen bereitgestellten Informationen, wie z. B. Ihren Lebenslauf und Ihr Anschreiben, es sei denn, Sie haben uns Ihre Einwilligung zur Speicherung der Daten f\u00fcr zuk\u00fcnftige Stellenangebote erteilt.<br \/>Die Rechtsgrundlage f\u00fcr die Verarbeitung personenbezogener Daten ist die (vorvertragliche) Erf\u00fcllung eines (Arbeits-)Vertrags.<\/p>\n<p>Bitte beachten Sie: Passfotos, Geburtsort bzw. -land, Gewerkschaftszugeh\u00f6rigkeit, sexuelle Orientierung und Gesundheitszustand gelten als besondere Kategorien personenbezogener Daten. Sie m\u00fcssen diese Angaben weder in Ihrem Lebenslauf noch in Ihrem Anschreiben machen; sie sind f\u00fcr die Beurteilung Ihrer Bewerbung irrelevant.<br \/>Weitergabe an Dritte<br \/>Wir k\u00f6nnen Dritte mit der Verarbeitung personenbezogener Daten in unserem Auftrag beauftragen. Diese Dritten werden dann als \u201eAuftragsverarbeiter\u201c bezeichnet. Sie handeln stets unter unserer Verantwortung und d\u00fcrfen die personenbezogenen Daten nicht f\u00fcr eigene Zwecke verwenden. Wir haben mit diesen Dritten Auftragsverarbeitungsvereinbarungen abgeschlossen.<\/p>\n<p>Dies umfasst unseren Hosting-Anbieter und Anbieter von Online-Tools. Mithilfe dieser Online-Tools k\u00f6nnen wir unseren Newsletter versenden, Ihre Fragen oder Kommentare beantworten und Ihre Bewerbung bearbeiten.<br \/>Wir k\u00f6nnen Software von Drittanbietern zur Bearbeitung von Bewerbungen einsetzen.<br \/>Personenbezogene Daten k\u00f6nnen au\u00dferhalb der EU oder des EWR verarbeitet werden. Dies beinhaltet in der Regel Folgendes:<\/p>\n<\/div>\n<p><!--more--><br \/>\n<!-- {\"type\":\"layout\",\"children\":[{\"type\":\"section\",\"props\":{\"image_position\":\"center-center\",\"style\":\"default\",\"title_breakpoint\":\"xl\",\"title_position\":\"top-left\",\"title_rotation\":\"left\",\"vertical_align\":\"middle\",\"width\":\"default\"},\"children\":[{\"type\":\"row\",\"children\":[{\"type\":\"column\",\"props\":{\"image_position\":\"center-center\",\"position_sticky_breakpoint\":\"m\"},\"children\":[{\"type\":\"headline\",\"props\":{\"image_align\":\"left\",\"image_margin\":\"xsmall\",\"title_element\":\"h1\"},\"source\":{\"query\":{\"name\":\"pages.singlePage\"},\"props\":{\"content\":{\"name\":\"title\"}}}},{\"type\":\"text\",\"props\":{\"column_breakpoint\":\"m\",\"content\":\"\n\n<p>Identit\u00e4t<br \/>Diese Datenschutzerkl\u00e4rung wird von Stalling Rasmussen verwendet, eingetragen bei der Handelskammer unter der Nummer <span>99473399<\/span> auf der Website stallingrasmussen.com<\/p>\n\n\\n\n\n<p>Unsere Adresse:<\/p>\n\n\\n\n\n<p><span>Zuidlangeweg 4B<\/span><br \/><span>4796 SB Oudemolen<\/span><\/p>\n\n\\n\n\n<p>Unsere Telefonnummer:<br \/><span>06 30123953<\/span><\/p>\n\n\\n\n\n<p>Unsere E-Mail-Adresse:<br \/><span>info@stallingrasmussen.com<\/span><\/p>\n\n\\n\n\n<p>Allgemeines<br \/>Der sorgsame Umgang mit personenbezogenen Daten ist uns sehr wichtig. Daher verarbeiten und sch\u00fctzen wir personenbezogene Daten mit gr\u00f6\u00dfter Sorgfalt. Bei der Verarbeitung halten wir uns an die Vorgaben der Datenschutz-Grundverordnung (DSGVO). In dieser Erkl\u00e4rung erl\u00e4utern wir, welche personenbezogenen Daten wir erheben und verwenden und zu welchem \u200b\u200bZweck. Wir empfehlen Ihnen, diese Erkl\u00e4rung sorgf\u00e4ltig zu lesen.<\/p>\n\n\\n\n\n<p>Sicherheit<br \/>Wir sind bestrebt, die Website vor Missbrauch und unberechtigtem Zugriff auf personenbezogene Daten zu sch\u00fctzen. Dies erreichen wir beispielsweise durch SSL-gesicherte Verbindungen. Es liegt in Ihrer Verantwortung, die Ger\u00e4te, die Sie zum Besuch und zur Nutzung unserer Website verwenden, zu sch\u00fctzen, beispielsweise durch einen Virenscanner. Personenbezogene Daten<br \/>Durch die Nutzung unserer Website \u00fcbermitteln Sie uns bestimmte Informationen. Dies k\u00f6nnen personenbezogene Daten sein: Daten, die direkt oder indirekt auf Sie zur\u00fcckgef\u00fchrt werden k\u00f6nnen. Wir speichern und verwenden ausschlie\u00dflich die personenbezogenen Daten, die Sie uns direkt oder ausdr\u00fccklich zur Verarbeitung \u00fcbermitteln.<\/p>\n\n\\n\n\n<p>Wir verwenden die erhobenen personenbezogenen Daten ausschlie\u00dflich f\u00fcr die Zwecke, f\u00fcr die wir sie von Ihnen erhalten haben.<\/p>\n\n\\n\n\n<p>Newsletter<br \/>Wenn Sie unseren Newsletter abonnieren und wir daher Daten von Ihnen anfordern, verwenden wir diese ausschlie\u00dflich, um Ihnen unseren Newsletter per E-Mail zuzusenden. Sie k\u00f6nnen den Newsletter jederzeit \u00fcber den Abmeldelink im Newsletter abbestellen. Sobald Sie sich abmelden, l\u00f6schen wir Ihre personenbezogenen Daten, die mit dem Newsletter in Verbindung stehen oder standen. Rechtsgrundlage f\u00fcr die Verarbeitung Ihrer personenbezogenen Daten ist die Erf\u00fcllung Ihrer Newsletter-Anfrage.<\/p>\n\n\\n\n\n<p>Wir verarbeiten Ihre Daten auch zu statistischen Zwecken. Dies erm\u00f6glicht uns, allgemeine Erkenntnisse, wie z. B. demografische Daten, zu gewinnen.<br \/>Wir erheben Ihre personenbezogenen Daten auch, um ein Profil von Ihnen zu erstellen. Dies geschieht beispielsweise auf Grundlage der von Ihnen im Newsletter angeklickten Links, des von Ihnen bevorzugten Ger\u00e4ts zum Lesen des Newsletters oder des Zeitpunkts des Lesens.<\/p>\n\n\\n\n\n<p>Die Erstellung eines Profils erfolgt in diesem Fall aufgrund unseres berechtigten Interesses, Ihnen bessere Inhalte bereitzustellen.<\/p>\n\n\\n\n\n<p>Wir verarbeiten nicht mehr Daten als f\u00fcr diesen Zweck erforderlich, und Ihre Interessen, Grundrechte und Freiheiten werden dadurch nicht beeintr\u00e4chtigt. Wenn Sie den Newsletter abbestellen, wird auch Ihr Profil gel\u00f6scht.<\/p>\n\n\\n\n\n<p>Kontaktformular<br \/>Bei Fragen oder wenn Sie uns kontaktieren m\u00f6chten, k\u00f6nnen Sie das Kontaktformular auf unserer Website nutzen. Wir verwenden die von Ihnen \u00fcber das Kontaktformular angegebenen Daten ausschlie\u00dflich zur Beantwortung Ihrer Frage oder Ihres Kommentars. Nach der Beantwortung Ihrer Anfrage l\u00f6schen wir Ihre personenbezogenen Daten.<\/p>\n\n\\n\n\n<p>Die Rechtsgrundlage f\u00fcr die Verarbeitung Ihrer personenbezogenen Daten ist die Erf\u00fcllung Ihrer Informationsanfrage oder die Beantwortung Ihres Kommentars. Bewerbung<br \/>Wenn Sie uns im Rahmen einer Bewerbung Informationen \u00fcber unsere Website \u00fcbermitteln, verwenden wir diese Informationen ausschlie\u00dflich im Zusammenhang mit dem Bewerbungsprozess f\u00fcr die von Ihnen ausgeschriebene Stelle. Wird die Stelle besetzt oder zur\u00fcckgezogen, vernichten wir die von Ihnen bereitgestellten Informationen, wie z. B. Ihren Lebenslauf und Ihr Anschreiben, es sei denn, Sie haben uns Ihre Einwilligung zur Speicherung der Daten f\u00fcr zuk\u00fcnftige Stellenangebote erteilt.<br \/>Die Rechtsgrundlage f\u00fcr die Verarbeitung personenbezogener Daten ist die (vorvertragliche) Erf\u00fcllung eines (Arbeits-)Vertrags.<\/p>\n\n\\n\n\n<p>Bitte beachten Sie: Passfotos, Geburtsort bzw. -land, Gewerkschaftszugeh\u00f6rigkeit, sexuelle Orientierung und Gesundheitszustand gelten als besondere Kategorien personenbezogener Daten. Sie m\u00fcssen diese Angaben weder in Ihrem Lebenslauf noch in Ihrem Anschreiben machen; sie sind f\u00fcr die Beurteilung Ihrer Bewerbung irrelevant.<br \/>Weitergabe an Dritte<br \/>Wir k\u00f6nnen Dritte mit der Verarbeitung personenbezogener Daten in unserem Auftrag beauftragen. Diese Dritten werden dann als \u201eAuftragsverarbeiter\u201c bezeichnet. Sie handeln stets unter unserer Verantwortung und d\u00fcrfen die personenbezogenen Daten nicht f\u00fcr eigene Zwecke verwenden. Wir haben mit diesen Dritten Auftragsverarbeitungsvereinbarungen abgeschlossen.<\/p>\n\n\\n\n\n<p>Dies umfasst unseren Hosting-Anbieter und Anbieter von Online-Tools. Mithilfe dieser Online-Tools k\u00f6nnen wir unseren Newsletter versenden, Ihre Fragen oder Kommentare beantworten und Ihre Bewerbung bearbeiten.<br \/>Wir k\u00f6nnen Software von Drittanbietern zur Bearbeitung von Bewerbungen einsetzen.<br \/>Personenbezogene Daten k\u00f6nnen au\u00dferhalb der EU oder des EWR verarbeitet werden. Dies beinhaltet in der Regel Folgendes:<\/p>\n\n\",\"margin_bottom\":\"default\",\"margin_top\":\"default\"}}]}]}]}],\"version\":\"5.0.28\"} --><\/p>\n","protected":false},"excerpt":{"rendered":"<p>Identit\u00e4tDiese Datenschutzerkl\u00e4rung wird von Stalling Rasmussen verwendet, eingetragen bei der Handelskammer unter der Nummer 99473399 auf der Website stallingrasmussen.com Unsere Adresse: Zuidlangeweg 4B4796 SB Oudemolen Unsere Telefonnummer:06 30123953 Unsere E-Mail-Adresse:info@stallingrasmussen.com AllgemeinesDer sorgsame Umgang mit personenbezogenen Daten ist uns sehr wichtig. Daher verarbeiten und sch\u00fctzen wir personenbezogene Daten mit gr\u00f6\u00dfter Sorgfalt. Bei der Verarbeitung halten wir [&hellip;]<\/p>\n","protected":false},"author":1,"featured_media":0,"parent":0,"menu_order":0,"comment_status":"closed","ping_status":"closed","template":"","meta":{"_acf_changed":false,"_seopress_robots_primary_cat":"","_seopress_titles_title":"","_seopress_titles_desc":"","_seopress_robots_index":"yes","footnotes":""},"class_list":["post-168","page","type-page","status-publish","hentry"],"acf":[],"_links":{"self":[{"href":"https:\/\/stallingrasmussen.com\/de\/wp-json\/wp\/v2\/pages\/168","targetHints":{"allow":["GET"]}}],"collection":[{"href":"https:\/\/stallingrasmussen.com\/de\/wp-json\/wp\/v2\/pages"}],"about":[{"href":"https:\/\/stallingrasmussen.com\/de\/wp-json\/wp\/v2\/types\/page"}],"author":[{"embeddable":true,"href":"https:\/\/stallingrasmussen.com\/de\/wp-json\/wp\/v2\/users\/1"}],"replies":[{"embeddable":true,"href":"https:\/\/stallingrasmussen.com\/de\/wp-json\/wp\/v2\/comments?post=168"}],"version-history":[{"count":4,"href":"https:\/\/stallingrasmussen.com\/de\/wp-json\/wp\/v2\/pages\/168\/revisions"}],"predecessor-version":[{"id":291,"href":"https:\/\/stallingrasmussen.com\/de\/wp-json\/wp\/v2\/pages\/168\/revisions\/291"}],"wp:attachment":[{"href":"https:\/\/stallingrasmussen.com\/de\/wp-json\/wp\/v2\/media?parent=168"}],"curies":[{"name":"wp","href":"https:\/\/api.w.org\/{rel}","templated":true}]}}