{"id":144,"date":"2026-02-05T15:20:44","date_gmt":"2026-02-05T14:20:44","guid":{"rendered":"https:\/\/stallingrasmussen.com\/cookies\/"},"modified":"2026-04-21T09:43:48","modified_gmt":"2026-04-21T07:43:48","slug":"cookies","status":"publish","type":"page","link":"https:\/\/stallingrasmussen.com\/de\/cookies\/","title":{"rendered":"Cookies"},"content":{"rendered":"<div>\n<p>Identit\u00e4t<br \/>Diese Cookie-Richtlinie wird von Stsalling Rasmussen verwendet, eingetragen bei der Handelskammer unter der Nummer <span>99473399<\/span> auf der Website stallingrasmussen.com.<\/p>\n<p>Unsere Adresse:<\/p>\n<p><span>Zuidlangeweg 4B<\/span><br \/><span>4796 SB Oudemolen<\/span><\/p>\n<p>Unsere Telefonnummer:<br \/><span>06 30123953<\/span><\/p>\n<p>Unsere E-Mail-Adresse:<br \/><span>info@stallingrasmussen.com<\/span><\/p>\n<p>Allgemeines<br \/>Wir verwenden Cookies auf dieser Website. Ein Cookie ist eine kleine Datei, die zusammen mit den Seiten dieser Website gesendet und von Ihrem Browser auf dem Ger\u00e4t gespeichert wird, mit dem Sie unsere Website besuchen. Die darin gespeicherten Informationen k\u00f6nnen bei Ihrem n\u00e4chsten Besuch an unsere Server zur\u00fcckgesendet werden. In dieser Cookie-Richtlinie erkl\u00e4ren wir Ihnen, was dies f\u00fcr Sie bedeutet.<\/p>\n<p>Einwilligung<br \/>F\u00fcr funktionale Cookies (siehe unten) und f\u00fcr Google Analytics-Cookies (siehe unten) ben\u00f6tigen wir keine Einwilligung. F\u00fcr alle anderen Cookies bitten wir Sie um Ihre Einwilligung, bevor wir diese setzen.<\/p>\n<p>Funktionale Cookies<br \/>Unsere Website verwendet Session-Cookies. Diese Session-Cookies werden standardm\u00e4\u00dfig von der Programmiersprache verwendet, mit der unsere Website programmiert wurde. Sie gew\u00e4hrleisten in erster Linie eine einfache und unterbrechungsfreie Nutzung der Website. Sitzungs-Cookies werden automatisch von Ihrem Ger\u00e4t gel\u00f6scht, sobald Sie Ihren Browser schlie\u00dfen. Wenn die Website eine Anmeldefunktion enth\u00e4lt, kann sie mithilfe eines Sitzungs-Cookies erkennen, ob Sie angemeldet sind.<\/p>\n<p>Google Analytics<br \/>Im Rahmen des Dienstes \u201eGoogle Analytics\u201c wird \u00fcber unsere Website ein Cookie des US-amerikanischen Unternehmens Google platziert. Wir nutzen diesen Dienst, um das Besucherverhalten auf unserer Website zu analysieren und Berichte dar\u00fcber zu erstellen. Wir haben mit Google eine Vereinbarung zur Auftragsverarbeitung abgeschlossen, die Google die Nutzung der gewonnenen Analysedaten f\u00fcr andere Google-Dienste untersagt. Zudem haben wir die Weiterleitung von IP-Adressen an Google \u00fcber Google Analytics deaktiviert.<\/p>\n<p>Social-Media-Buttons<br \/>Unsere Website enth\u00e4lt Buttons zum Teilen von Webseiten in sozialen Netzwerken, insbesondere Facebook, LinkedIn, Twitter, Google+ und Instagram. Diese Buttons setzen Cookies.<\/p>\n<p>Die Buttons verwenden Code-Elemente der jeweiligen sozialen Netzwerke. Darauf haben wir keinen Einfluss. Bitte lesen Sie die Datenschutzerkl\u00e4rung und die allgemeinen Nutzungsbedingungen dieser Netzwerke (die sich regelm\u00e4\u00dfig \u00e4ndern k\u00f6nnen), um zu erfahren, wie diese die \u00fcber Cookies erhobenen personenbezogenen Daten verarbeiten.<\/p>\n<p>Tracking-Cookies<br \/>Mit Ihrer Einwilligung platzieren Werbetreibende sogenannte Tracking-Cookies auf Ihrem Ger\u00e4t. Diese Cookies werden verwendet, um zu verfolgen, welche Seiten Sie innerhalb ihres Netzwerks besuchen, und so ein Profil Ihres Online-Surfverhaltens zu erstellen. Dieses Profil basiert teilweise auf vergleichbaren Informationen, die sie von Ihren Besuchen auf anderen Websites in ihrem Netzwerk erhalten. Es dient ausschlie\u00dflich dazu, Werbung auf Ihr Profil zuzuschneiden und Ihnen so relevante wie m\u00f6glich anzuzeigen.<\/p>\n<p>Retargeting-Cookies<br \/>Mit Ihrer Einwilligung verwenden wir Retargeting-Cookies von Google Ads und Facebook. Diese erm\u00f6glichen es uns, Ihnen auf Websites Dritter Werbung anzuzeigen, die mit Ihren vorherigen Besuchen auf unserer Website in Verbindung steht.<\/p>\n<p>Fragen, Auskunftsrecht, Berichtigung und L\u00f6schung<br \/>Bei Fragen zu unserer Cookie-Richtlinie oder zum Zugriff auf, zur \u00c4nderung oder L\u00f6schung Ihrer personenbezogenen Daten k\u00f6nnen Sie uns jederzeit kontaktieren. Um Missbrauch zu verhindern, bitten wir Sie gegebenenfalls, sich ordnungsgem\u00e4\u00df zu identifizieren.<\/p>\n<p>Sie k\u00f6nnen Cookies in der Regel \u00fcber Ihre Browsereinstellungen l\u00f6schen. Weitere Informationen zum Aktivieren, Deaktivieren und L\u00f6schen von Cookies finden Sie in der Anleitung und\/oder in der Hilfefunktion Ihres Browsers.<\/p>\n<p>Wenn Sie auf personenbezogene Daten zugreifen m\u00f6chten, die mit einem Cookie verkn\u00fcpft sind, m\u00fcssen Sie eine Kopie des betreffenden Cookies beif\u00fcgen. Sie finden diese in Ihren Browsereinstellungen.<\/p>\n<p>\u00c4nderungen<br \/>Wir behalten uns das Recht vor, diese Cookie-Richtlinie jederzeit zu \u00e4ndern. Bitte konsultieren Sie diese Richtlinie daher regelm\u00e4\u00dfig, um sicherzustellen, dass Sie die aktuellste Version gelesen haben.<\/p>\n<\/div>\n<p><!--more--><br \/>\n<!-- {\"type\":\"layout\",\"children\":[{\"type\":\"section\",\"props\":{\"image_position\":\"center-center\",\"style\":\"default\",\"title_breakpoint\":\"xl\",\"title_position\":\"top-left\",\"title_rotation\":\"left\",\"vertical_align\":\"middle\",\"width\":\"default\"},\"children\":[{\"type\":\"row\",\"children\":[{\"type\":\"column\",\"props\":{\"image_position\":\"center-center\",\"position_sticky_breakpoint\":\"m\"},\"children\":[{\"type\":\"headline\",\"props\":{\"image_align\":\"left\",\"image_margin\":\"xsmall\",\"title_element\":\"h1\"},\"source\":{\"query\":{\"name\":\"pages.singlePage\"},\"props\":{\"content\":{\"name\":\"title\"}}}},{\"type\":\"text\",\"props\":{\"column_breakpoint\":\"m\",\"content\":\"\n\n<p>Identit\u00e4t<br \/>Diese Cookie-Richtlinie wird von Stsalling Rasmussen verwendet, eingetragen bei der Handelskammer unter der Nummer <span>99473399<\/span> auf der Website stallingrasmussen.com.<\/p>\n\n\\n\n\n<p>Unsere Adresse:<\/p>\n\n\\n\n\n<p><span>Zuidlangeweg 4B<\/span><br \/><span>4796 SB Oudemolen<\/span><\/p>\n\n\\n\n\n<p>Unsere Telefonnummer:<br \/><span>06 30123953<\/span><\/p>\n\n\\n\n\n<p>Unsere E-Mail-Adresse:<br \/><span>info@stallingrasmussen.com<\/span><\/p>\n\n\\n\n\n<p>Allgemeines<br \/>Wir verwenden Cookies auf dieser Website. Ein Cookie ist eine kleine Datei, die zusammen mit den Seiten dieser Website gesendet und von Ihrem Browser auf dem Ger\u00e4t gespeichert wird, mit dem Sie unsere Website besuchen. Die darin gespeicherten Informationen k\u00f6nnen bei Ihrem n\u00e4chsten Besuch an unsere Server zur\u00fcckgesendet werden. In dieser Cookie-Richtlinie erkl\u00e4ren wir Ihnen, was dies f\u00fcr Sie bedeutet.<\/p>\n\n\\n\n\n<p>Einwilligung<br \/>F\u00fcr funktionale Cookies (siehe unten) und f\u00fcr Google Analytics-Cookies (siehe unten) ben\u00f6tigen wir keine Einwilligung. F\u00fcr alle anderen Cookies bitten wir Sie um Ihre Einwilligung, bevor wir diese setzen.<\/p>\n\n\\n\n\n<p>Funktionale Cookies<br \/>Unsere Website verwendet Session-Cookies. Diese Session-Cookies werden standardm\u00e4\u00dfig von der Programmiersprache verwendet, mit der unsere Website programmiert wurde. Sie gew\u00e4hrleisten in erster Linie eine einfache und unterbrechungsfreie Nutzung der Website. Sitzungs-Cookies werden automatisch von Ihrem Ger\u00e4t gel\u00f6scht, sobald Sie Ihren Browser schlie\u00dfen. Wenn die Website eine Anmeldefunktion enth\u00e4lt, kann sie mithilfe eines Sitzungs-Cookies erkennen, ob Sie angemeldet sind.<\/p>\n\n\\n\n\n<p>Google Analytics<br \/>Im Rahmen des Dienstes \u201eGoogle Analytics\u201c wird \u00fcber unsere Website ein Cookie des US-amerikanischen Unternehmens Google platziert. Wir nutzen diesen Dienst, um das Besucherverhalten auf unserer Website zu analysieren und Berichte dar\u00fcber zu erstellen. Wir haben mit Google eine Vereinbarung zur Auftragsverarbeitung abgeschlossen, die Google die Nutzung der gewonnenen Analysedaten f\u00fcr andere Google-Dienste untersagt. Zudem haben wir die Weiterleitung von IP-Adressen an Google \u00fcber Google Analytics deaktiviert.<\/p>\n\n\\n\n\n<p>Social-Media-Buttons<br \/>Unsere Website enth\u00e4lt Buttons zum Teilen von Webseiten in sozialen Netzwerken, insbesondere Facebook, LinkedIn, Twitter, Google+ und Instagram. Diese Buttons setzen Cookies.<\/p>\n\n\\n\n\n<p>Die Buttons verwenden Code-Elemente der jeweiligen sozialen Netzwerke. Darauf haben wir keinen Einfluss. Bitte lesen Sie die Datenschutzerkl\u00e4rung und die allgemeinen Nutzungsbedingungen dieser Netzwerke (die sich regelm\u00e4\u00dfig \u00e4ndern k\u00f6nnen), um zu erfahren, wie diese die \u00fcber Cookies erhobenen personenbezogenen Daten verarbeiten.<\/p>\n\n\\n\n\n<p>Tracking-Cookies<br \/>Mit Ihrer Einwilligung platzieren Werbetreibende sogenannte Tracking-Cookies auf Ihrem Ger\u00e4t. Diese Cookies werden verwendet, um zu verfolgen, welche Seiten Sie innerhalb ihres Netzwerks besuchen, und so ein Profil Ihres Online-Surfverhaltens zu erstellen. Dieses Profil basiert teilweise auf vergleichbaren Informationen, die sie von Ihren Besuchen auf anderen Websites in ihrem Netzwerk erhalten. Es dient ausschlie\u00dflich dazu, Werbung auf Ihr Profil zuzuschneiden und Ihnen so relevante wie m\u00f6glich anzuzeigen.<\/p>\n\n\\n\n\n<p>Retargeting-Cookies<br \/>Mit Ihrer Einwilligung verwenden wir Retargeting-Cookies von Google Ads und Facebook. Diese erm\u00f6glichen es uns, Ihnen auf Websites Dritter Werbung anzuzeigen, die mit Ihren vorherigen Besuchen auf unserer Website in Verbindung steht.<\/p>\n\n\\n\n\n<p>Fragen, Auskunftsrecht, Berichtigung und L\u00f6schung<br \/>Bei Fragen zu unserer Cookie-Richtlinie oder zum Zugriff auf, zur \u00c4nderung oder L\u00f6schung Ihrer personenbezogenen Daten k\u00f6nnen Sie uns jederzeit kontaktieren. Um Missbrauch zu verhindern, bitten wir Sie gegebenenfalls, sich ordnungsgem\u00e4\u00df zu identifizieren.<\/p>\n\n\\n\n\n<p>Sie k\u00f6nnen Cookies in der Regel \u00fcber Ihre Browsereinstellungen l\u00f6schen. Weitere Informationen zum Aktivieren, Deaktivieren und L\u00f6schen von Cookies finden Sie in der Anleitung und\/oder in der Hilfefunktion Ihres Browsers.<\/p>\n\n\\n\n\n<p>Wenn Sie auf personenbezogene Daten zugreifen m\u00f6chten, die mit einem Cookie verkn\u00fcpft sind, m\u00fcssen Sie eine Kopie des betreffenden Cookies beif\u00fcgen. Sie finden diese in Ihren Browsereinstellungen.<\/p>\n\n\\n\n\n<p>\u00c4nderungen<br \/>Wir behalten uns das Recht vor, diese Cookie-Richtlinie jederzeit zu \u00e4ndern. Bitte konsultieren Sie diese Richtlinie daher regelm\u00e4\u00dfig, um sicherzustellen, dass Sie die aktuellste Version gelesen haben.<\/p>\n\n\",\"margin_bottom\":\"default\",\"margin_top\":\"default\"}}]}]}]}],\"version\":\"5.0.28\"} --><\/p>\n","protected":false},"excerpt":{"rendered":"<p>Identit\u00e4tDiese Cookie-Richtlinie wird von Stsalling Rasmussen verwendet, eingetragen bei der Handelskammer unter der Nummer 99473399 auf der Website stallingrasmussen.com. Unsere Adresse: Zuidlangeweg 4B4796 SB Oudemolen Unsere Telefonnummer:06 30123953 Unsere E-Mail-Adresse:info@stallingrasmussen.com AllgemeinesWir verwenden Cookies auf dieser Website. Ein Cookie ist eine kleine Datei, die zusammen mit den Seiten dieser Website gesendet und von Ihrem Browser auf [&hellip;]<\/p>\n","protected":false},"author":1,"featured_media":0,"parent":0,"menu_order":0,"comment_status":"closed","ping_status":"closed","template":"","meta":{"_acf_changed":false,"_seopress_robots_primary_cat":"","_seopress_titles_title":"","_seopress_titles_desc":"","_seopress_robots_index":"yes","footnotes":""},"class_list":["post-144","page","type-page","status-publish","hentry"],"acf":[],"_links":{"self":[{"href":"https:\/\/stallingrasmussen.com\/de\/wp-json\/wp\/v2\/pages\/144","targetHints":{"allow":["GET"]}}],"collection":[{"href":"https:\/\/stallingrasmussen.com\/de\/wp-json\/wp\/v2\/pages"}],"about":[{"href":"https:\/\/stallingrasmussen.com\/de\/wp-json\/wp\/v2\/types\/page"}],"author":[{"embeddable":true,"href":"https:\/\/stallingrasmussen.com\/de\/wp-json\/wp\/v2\/users\/1"}],"replies":[{"embeddable":true,"href":"https:\/\/stallingrasmussen.com\/de\/wp-json\/wp\/v2\/comments?post=144"}],"version-history":[{"count":3,"href":"https:\/\/stallingrasmussen.com\/de\/wp-json\/wp\/v2\/pages\/144\/revisions"}],"predecessor-version":[{"id":289,"href":"https:\/\/stallingrasmussen.com\/de\/wp-json\/wp\/v2\/pages\/144\/revisions\/289"}],"wp:attachment":[{"href":"https:\/\/stallingrasmussen.com\/de\/wp-json\/wp\/v2\/media?parent=144"}],"curies":[{"name":"wp","href":"https:\/\/api.w.org\/{rel}","templated":true}]}}